{"id":107,"date":"2024-02-20T22:40:36","date_gmt":"2024-02-20T21:40:36","guid":{"rendered":"https:\/\/as-saddles-and-co.com\/?page_id=107"},"modified":"2024-06-06T20:28:51","modified_gmt":"2024-06-06T18:28:51","slug":"rdv","status":"publish","type":"page","link":"https:\/\/as-saddles-and-co.com\/index.php\/rdv\/","title":{"rendered":"Prendre rendez-vous"},"content":{"rendered":"\n<p>Pour prendre rendez-vous, vous pouvez remplir le formulaire suivant.<\/p>\n\n\n\n<p>Toute s\u00e9ance non  d\u00e9command\u00e9e moins de 24h \u00e0 l&#8217;avance est due.<\/p>\n\n\n\n<div class=\"wpcf7 no-js\" id=\"wpcf7-f150-o1\" lang=\"en-US\" dir=\"ltr\" data-wpcf7-id=\"150\">\n<div class=\"screen-reader-response\"><p role=\"status\" aria-live=\"polite\" aria-atomic=\"true\"><\/p> <ul><\/ul><\/div>\n<form action=\"\/index.php\/wp-json\/wp\/v2\/pages\/107#wpcf7-f150-o1\" method=\"post\" class=\"wpcf7-form init\" aria-label=\"Contact form\" novalidate=\"novalidate\" data-status=\"init\">\n<fieldset class=\"hidden-fields-container\"><input type=\"hidden\" name=\"_wpcf7\" value=\"150\" \/><input type=\"hidden\" name=\"_wpcf7_version\" value=\"6.1.5\" \/><input type=\"hidden\" name=\"_wpcf7_locale\" value=\"en_US\" \/><input type=\"hidden\" name=\"_wpcf7_unit_tag\" value=\"wpcf7-f150-o1\" \/><input type=\"hidden\" name=\"_wpcf7_container_post\" value=\"0\" \/><input type=\"hidden\" name=\"_wpcf7_posted_data_hash\" value=\"\" \/>\n<\/fieldset>\n<p>Vous :<br \/>\nVotre nom et pr\u00e9nom<br \/>\n<span class=\"wpcf7-form-control-wrap\" data-name=\"your-name\"><input size=\"40\" maxlength=\"400\" class=\"wpcf7-form-control wpcf7-text wpcf7-validates-as-required\" autocomplete=\"name\" aria-required=\"true\" aria-invalid=\"false\" value=\"\" type=\"text\" name=\"your-name\" \/><\/span>\n<\/p>\n<p><label> Votre email<br \/>\n<span class=\"wpcf7-form-control-wrap\" data-name=\"your-email\"><input size=\"40\" maxlength=\"400\" class=\"wpcf7-form-control wpcf7-email wpcf7-validates-as-required wpcf7-text wpcf7-validates-as-email\" autocomplete=\"email\" aria-required=\"true\" aria-invalid=\"false\" value=\"\" type=\"email\" name=\"your-email\" \/><\/span> <\/label><br \/>\n<label> Votre t\u00e9l\u00e9phone<br \/>\n<span class=\"wpcf7-form-control-wrap\" data-name=\"telephone\"><input size=\"40\" maxlength=\"400\" class=\"wpcf7-form-control wpcf7-tel wpcf7-validates-as-required wpcf7-text wpcf7-validates-as-tel\" autocomplete=\"tel-national\" aria-required=\"true\" aria-invalid=\"false\" value=\"\" type=\"tel\" name=\"telephone\" \/><\/span><\/label>\n<\/p>\n<p><label> Votre adresse<br \/>\n<span class=\"wpcf7-form-control-wrap\" data-name=\"your-address\"><input size=\"40\" maxlength=\"400\" class=\"wpcf7-form-control wpcf7-text wpcf7-validates-as-required\" autocomplete=\"street-address\" aria-required=\"true\" aria-invalid=\"false\" value=\"\" type=\"text\" name=\"your-address\" \/><\/span> <\/label><br \/>\n<label> Ville<br \/>\n<span class=\"wpcf7-form-control-wrap\" data-name=\"your-city\"><input size=\"40\" maxlength=\"400\" class=\"wpcf7-form-control wpcf7-text wpcf7-validates-as-required\" autocomplete=\"address-level2\" aria-required=\"true\" aria-invalid=\"false\" value=\"\" type=\"text\" name=\"your-city\" \/><\/span> <\/label><br \/>\n<label> Code postal<br \/>\n<span class=\"wpcf7-form-control-wrap\" data-name=\"cp\"><input class=\"wpcf7-form-control wpcf7-number wpcf7-validates-as-required wpcf7-validates-as-number\" min=\"01000\" max=\"100000\" autocomplete=\"postal-code\" aria-required=\"true\" aria-invalid=\"false\" value=\"\" type=\"number\" name=\"cp\" \/><\/span> <\/label>\n<\/p>\n<p>Votre cheval :<br \/>\n<label> Nom du cheval<br \/>\n<span class=\"wpcf7-form-control-wrap\" data-name=\"horse-name\"><input size=\"40\" maxlength=\"400\" class=\"wpcf7-form-control wpcf7-text wpcf7-validates-as-required\" aria-required=\"true\" aria-invalid=\"false\" value=\"\" type=\"text\" name=\"horse-name\" \/><\/span> <\/label><br \/>\n<label> Age du cheval<br \/>\n<span class=\"wpcf7-form-control-wrap\" data-name=\"Age\"><input class=\"wpcf7-form-control wpcf7-number wpcf7-validates-as-required wpcf7-validates-as-number\" min=\"0\" max=\"100\" aria-required=\"true\" aria-invalid=\"false\" value=\"\" type=\"number\" name=\"Age\" \/><\/span><\/label><br \/>\n<label> Race du cheval<br \/>\n<span class=\"wpcf7-form-control-wrap\" data-name=\"race\"><input size=\"40\" maxlength=\"400\" class=\"wpcf7-form-control wpcf7-text\" aria-invalid=\"false\" value=\"\" type=\"text\" name=\"race\" \/><\/span><\/label>\n<\/p>\n<p><label>Adresse de votre cheval<br \/>\n<span class=\"wpcf7-form-control-wrap\" data-name=\"horse-address\"><input size=\"40\" maxlength=\"400\" class=\"wpcf7-form-control wpcf7-text wpcf7-validates-as-required\" aria-required=\"true\" aria-invalid=\"false\" value=\"\" type=\"text\" name=\"horse-address\" \/><\/span> <\/label><br \/>\n<label> Ville<br \/>\n<span class=\"wpcf7-form-control-wrap\" data-name=\"horse-city\"><input size=\"40\" maxlength=\"400\" class=\"wpcf7-form-control wpcf7-text wpcf7-validates-as-required\" aria-required=\"true\" aria-invalid=\"false\" value=\"\" type=\"text\" name=\"horse-city\" \/><\/span> <\/label><br \/>\n<label> Code postal<br \/>\n<span class=\"wpcf7-form-control-wrap\" data-name=\"horse-cp\"><input class=\"wpcf7-form-control wpcf7-number wpcf7-validates-as-required wpcf7-validates-as-number\" min=\"01000\" max=\"100000\" aria-required=\"true\" aria-invalid=\"false\" value=\"\" type=\"number\" name=\"horse-cp\" \/><\/span> <\/label>\n<\/p>\n<p>Votre selle (si vous en avez une \u00e0 v\u00e9rifier):<br \/>\n<label> Marque et mod\u00e8le de votre selle<br \/>\n<span class=\"wpcf7-form-control-wrap\" data-name=\"marque_modele_selle\"><input size=\"40\" maxlength=\"400\" class=\"wpcf7-form-control wpcf7-text\" aria-invalid=\"false\" value=\"\" type=\"text\" name=\"marque_modele_selle\" \/><\/span><\/label><br \/>\n<label> Ann\u00e9e de fabrication<br \/>\n<span class=\"wpcf7-form-control-wrap\" data-name=\"annee_selle\"><input class=\"wpcf7-form-control wpcf7-number wpcf7-validates-as-number\" min=\"1900\" max=\"2025\" aria-invalid=\"false\" value=\"\" type=\"number\" name=\"annee_selle\" \/><\/span><\/label><br \/>\n<label> O\u00f9 avez-vous acheter votre selle ?<br \/>\n<span class=\"wpcf7-form-control-wrap\" data-name=\"achat_selle\"><input size=\"40\" maxlength=\"400\" class=\"wpcf7-form-control wpcf7-text\" aria-invalid=\"false\" value=\"\" type=\"text\" name=\"achat_selle\" \/><\/span><\/label><br \/>\n<label> Etat de votre selle<br \/>\n<span class=\"wpcf7-form-control-wrap\" data-name=\"etat_selle\"><select class=\"wpcf7-form-control wpcf7-select\" aria-invalid=\"false\" name=\"etat_selle\"><option value=\"Neuve\">Neuve<\/option><option value=\"Tr\u00e8s bon \u00e9tat\">Tr\u00e8s bon \u00e9tat<\/option><option value=\"Bon \u00e9tat\">Bon \u00e9tat<\/option><option value=\"Etat passable\">Etat passable<\/option><option value=\"Us\u00e9e\">Us\u00e9e<\/option><option value=\"Tr\u00e8s us\u00e9e\">Tr\u00e8s us\u00e9e<\/option><\/select><\/span><\/label>\n<\/p>\n<p><label>Probl\u00e8me de sant\u00e9 cheval ou cavalier \u00e0 noter ?<br \/>\n<span class=\"wpcf7-form-control-wrap\" data-name=\"info_sante\"><textarea cols=\"40\" rows=\"10\" maxlength=\"2000\" class=\"wpcf7-form-control wpcf7-textarea\" aria-invalid=\"false\" name=\"info_sante\"><\/textarea><\/span><\/label><br \/>\n<label>Vos disponibilit\u00e9s<br \/>\n<span class=\"wpcf7-form-control-wrap\" data-name=\"dispos\"><textarea cols=\"40\" rows=\"10\" maxlength=\"2000\" class=\"wpcf7-form-control wpcf7-textarea wpcf7-validates-as-required\" aria-required=\"true\" aria-invalid=\"false\" name=\"dispos\"><\/textarea><\/span><\/label><br \/>\n<label>Informations suppl\u00e9mentaires<br \/>\n<span class=\"wpcf7-form-control-wrap\" data-name=\"info_sup\"><textarea cols=\"40\" rows=\"10\" maxlength=\"2000\" class=\"wpcf7-form-control wpcf7-textarea\" aria-invalid=\"false\" name=\"info_sup\"><\/textarea><\/span><\/label>\n<\/p>\n<p><input class=\"wpcf7-form-control wpcf7-submit has-spinner\" type=\"submit\" value=\"Envoyer\" \/>\n<\/p><div class=\"wpcf7-response-output\" aria-hidden=\"true\"><\/div>\n<\/form>\n<\/div>\n\n","protected":false},"excerpt":{"rendered":"<p>Pour prendre rendez-vous, vous pouvez remplir le formulaire suivant. Toute s\u00e9ance non d\u00e9command\u00e9e moins de 24h \u00e0 l&#8217;avance est due.<\/p>\n","protected":false},"author":1,"featured_media":0,"parent":0,"menu_order":0,"comment_status":"closed","ping_status":"closed","template":"","meta":{"neve_meta_sidebar":"","neve_meta_container":"","neve_meta_enable_content_width":"","neve_meta_content_width":0,"neve_meta_title_alignment":"","neve_meta_author_avatar":"","neve_post_elements_order":"","neve_meta_disable_header":"","neve_meta_disable_footer":"","neve_meta_disable_title":"","footnotes":""},"class_list":["post-107","page","type-page","status-publish","hentry"],"_links":{"self":[{"href":"https:\/\/as-saddles-and-co.com\/index.php\/wp-json\/wp\/v2\/pages\/107","targetHints":{"allow":["GET"]}}],"collection":[{"href":"https:\/\/as-saddles-and-co.com\/index.php\/wp-json\/wp\/v2\/pages"}],"about":[{"href":"https:\/\/as-saddles-and-co.com\/index.php\/wp-json\/wp\/v2\/types\/page"}],"author":[{"embeddable":true,"href":"https:\/\/as-saddles-and-co.com\/index.php\/wp-json\/wp\/v2\/users\/1"}],"replies":[{"embeddable":true,"href":"https:\/\/as-saddles-and-co.com\/index.php\/wp-json\/wp\/v2\/comments?post=107"}],"version-history":[{"count":7,"href":"https:\/\/as-saddles-and-co.com\/index.php\/wp-json\/wp\/v2\/pages\/107\/revisions"}],"predecessor-version":[{"id":152,"href":"https:\/\/as-saddles-and-co.com\/index.php\/wp-json\/wp\/v2\/pages\/107\/revisions\/152"}],"wp:attachment":[{"href":"https:\/\/as-saddles-and-co.com\/index.php\/wp-json\/wp\/v2\/media?parent=107"}],"curies":[{"name":"wp","href":"https:\/\/api.w.org\/{rel}","templated":true}]}}