{"id":18,"date":"2024-02-13T21:25:49","date_gmt":"2024-02-13T20:25:49","guid":{"rendered":"http:\/\/as-saddles-and-co.com\/?page_id=18"},"modified":"2025-03-04T11:56:04","modified_gmt":"2025-03-04T10:56:04","slug":"bienvenue","status":"publish","type":"page","link":"https:\/\/as-saddles-and-co.com\/","title":{"rendered":"Bienvenue"},"content":{"rendered":"\n<p>Saddle-fitter bas\u00e9e dans l&#8217;Is\u00e8re, au nord de Grenoble, je suis disponible pour vous aider \u00e0 v\u00e9rifier vos selles ou trouver la meilleure selle pour vous et votre cheval.<\/p>\n\n\n\n<p>Je vous propose aussi l&#8217;entretien et la r\u00e9paration de votre mat\u00e9riel ainsi que du mat\u00e9riel d&#8217;occasion nettoy\u00e9 et v\u00e9rifi\u00e9.<\/p>\n\n\n\n<p>Enfin, je suis aussi disponible pour des heures de palefrenage.<\/p>\n\n\n\n<p>Pour toutes questions, n&#8217;h\u00e9sitez pas \u00e0 me contacter.<\/p>\n\n\n<div class=\"wp-block-image\">\n<figure class=\"aligncenter size-large has-custom-border\"><img loading=\"lazy\" decoding=\"async\" width=\"1024\" height=\"683\" src=\"http:\/\/as-saddles-and-co.com\/wp-content\/uploads\/2024\/02\/image00014-1024x683.jpeg\" alt=\"\" class=\"wp-image-69\" style=\"border-radius:0px\" srcset=\"https:\/\/as-saddles-and-co.com\/wp-content\/uploads\/2024\/02\/image00014-1024x683.jpeg 1024w, https:\/\/as-saddles-and-co.com\/wp-content\/uploads\/2024\/02\/image00014-300x200.jpeg 300w, https:\/\/as-saddles-and-co.com\/wp-content\/uploads\/2024\/02\/image00014-768x512.jpeg 768w, https:\/\/as-saddles-and-co.com\/wp-content\/uploads\/2024\/02\/image00014-1536x1024.jpeg 1536w, https:\/\/as-saddles-and-co.com\/wp-content\/uploads\/2024\/02\/image00014-2048x1365.jpeg 2048w, https:\/\/as-saddles-and-co.com\/wp-content\/uploads\/2024\/02\/image00014-930x620.jpeg 930w\" sizes=\"auto, (max-width: 1024px) 100vw, 1024px\" \/><figcaption class=\"wp-element-caption\">Photo par O.Pictures<\/figcaption><\/figure>\n<\/div>\n\n\n<p><\/p>\n","protected":false},"excerpt":{"rendered":"<p>Saddle-fitter bas\u00e9e dans l&#8217;Is\u00e8re, au nord de Grenoble, je suis disponible pour vous aider \u00e0 v\u00e9rifier vos selles ou trouver la meilleure selle pour vous et votre cheval. Je vous propose aussi l&#8217;entretien et la r\u00e9paration de votre mat\u00e9riel ainsi que du mat\u00e9riel d&#8217;occasion nettoy\u00e9 et v\u00e9rifi\u00e9. Enfin, je suis aussi disponible pour des heures&hellip;&nbsp;<a href=\"https:\/\/as-saddles-and-co.com\/\" rel=\"bookmark\">Read More &raquo;<span class=\"screen-reader-text\">Bienvenue<\/span><\/a><\/p>\n","protected":false},"author":1,"featured_media":0,"parent":0,"menu_order":0,"comment_status":"closed","ping_status":"closed","template":"","meta":{"neve_meta_sidebar":"","neve_meta_container":"","neve_meta_enable_content_width":"","neve_meta_content_width":0,"neve_meta_title_alignment":"","neve_meta_author_avatar":"","neve_post_elements_order":"","neve_meta_disable_header":"","neve_meta_disable_footer":"","neve_meta_disable_title":"","footnotes":""},"class_list":["post-18","page","type-page","status-publish","hentry"],"_links":{"self":[{"href":"https:\/\/as-saddles-and-co.com\/index.php\/wp-json\/wp\/v2\/pages\/18","targetHints":{"allow":["GET"]}}],"collection":[{"href":"https:\/\/as-saddles-and-co.com\/index.php\/wp-json\/wp\/v2\/pages"}],"about":[{"href":"https:\/\/as-saddles-and-co.com\/index.php\/wp-json\/wp\/v2\/types\/page"}],"author":[{"embeddable":true,"href":"https:\/\/as-saddles-and-co.com\/index.php\/wp-json\/wp\/v2\/users\/1"}],"replies":[{"embeddable":true,"href":"https:\/\/as-saddles-and-co.com\/index.php\/wp-json\/wp\/v2\/comments?post=18"}],"version-history":[{"count":5,"href":"https:\/\/as-saddles-and-co.com\/index.php\/wp-json\/wp\/v2\/pages\/18\/revisions"}],"predecessor-version":[{"id":154,"href":"https:\/\/as-saddles-and-co.com\/index.php\/wp-json\/wp\/v2\/pages\/18\/revisions\/154"}],"wp:attachment":[{"href":"https:\/\/as-saddles-and-co.com\/index.php\/wp-json\/wp\/v2\/media?parent=18"}],"curies":[{"name":"wp","href":"https:\/\/api.w.org\/{rel}","templated":true}]}}